{"id":8407,"date":"2024-01-08T13:58:48","date_gmt":"2024-01-08T11:58:48","guid":{"rendered":"https:\/\/demo.petrinonaxos.gr\/politica-sulla-riservatezza\/"},"modified":"2024-01-09T09:33:16","modified_gmt":"2024-01-09T07:33:16","slug":"politica-sulla-riservatezza","status":"publish","type":"page","link":"https:\/\/petrinonaxos.gr\/it\/politica-sulla-riservatezza\/","title":{"rendered":"politica sulla riservatezza"},"content":{"rendered":"\n<div style=\"height:40px\" aria-hidden=\"true\" class=\"wp-block-spacer\"><\/div>\n\n<h1 class=\"wp-block-heading\">politica sulla riservatezza<\/h1>\n\n<p>Il sito web petrinonaxos.gr fornisce i propri servizi ai propri visitatori\/clienti in conformit\u00e0 con le seguenti Condizioni d&#8217;Uso. La lettura di questo testo \u00e8 obbligatoria prima di usufruire dei servizi dell&#8217;azienda. <\/p>\n\n<p>Petrino Studios &amp; Gastronomy dichiara al visitatore di adottare ogni misura prevista affinch\u00e9 i dati e le informazioni contenuti nel proprio sito web siano completi, accurati e affidabili.<\/p>\n\n<p>Il sito petrinonaxos.gr si riserva il diritto di proteggere la propria reputazione aziendale e il contenuto del proprio sito Web con qualsiasi mezzo legale.<\/p>\n\n<p>\u00c8 vietata la ripubblicazione totale o parziale delle informazioni pubblicate sul sito petrinonaxos.gr. Qualsiasi riproduzione o distribuzione dei contenuti in qualsiasi modo o mezzo per qualsiasi utilizzo \u00e8 consentita solo con il permesso scritto di Petrino Studios &amp; Gastronomy o del proprietario o detentore del copyright. <\/p>\n\n<p>I marchi, i loghi, i marchi e le immagini dei prodotti menzionati sul sito petrinonaxos.gr godono dei diritti dei legittimi proprietari, tenuto conto che sono protetti dalle disposizioni sui marchi.<\/p>\n\n<p>I visitatori di petrinonaxos.gr conservano un diritto limitato e non esclusivo di creare un collegamento ipertestuale alla home page di petrinonaxos.gr sul proprio sito web, a condizione che tale collegamento ipertestuale non descriva Petrino Studios &amp; Gastronomy o i suoi servizi in modo falso, modo fuorviante, dispregiativo o altrimenti discutibile. Qualsiasi utilizzo non autorizzato pone fine alla licenza d&#8217;uso o di accesso concessa da Petrino Studios &amp; Gastronomy. <\/p>\n\n<p>Qualsiasi riferimento o riferimento tramite link ad altri siti internet \u00e8 fornito per comodit\u00e0 dell&#8217;utente. Petrino Studios &amp; Gastronomy non \u00e8 responsabile dei termini di gestione e protezione dei dati personali da essi seguiti. <\/p>\n\n<p>Inoltre, la societ\u00e0 per qualsiasi forma di danno subito dal visitatore\/utente delle pagine, dei servizi, delle opzioni e dei contenuti del sito web in cui procede di propria iniziativa.<\/p>\n\n<p>Petrino Studios &amp; Gastronomy rispetta la normativa vigente del Garante per la protezione dei dati personali applicabile alle banche dati personali e si impegna alla sua piena attuazione.<\/p>\n\n<p>Petrino Studios &amp; Gastronomy informa che i dati personali ottenuti dal sito web Petrino Studios &amp; Gastronomy saranno a loro volta archiviati in file di propriet\u00e0 di Petrino Studios &amp; Gastronomy. Questi file servono a gestire, organizzare o fornire contenuti ai clienti di Petrino Studios &amp; Gastronomy, per conoscere meglio le loro preferenze e per adattare loro i propri servizi. Anche per la possibilit\u00e0 di fornire nuovi contenuti o servizi e inviare materiale promozionale riguardante i nuovi prodotti e le offerte di Petrino Studios &amp; Gastronomy nell&#8217;ambito dei servizi e dei contenuti offerti attraverso petrinonaxos.gr.  <\/p>\n\n<p>petrinonaxos.gr non commercializza n\u00e9 fornisce in alcun modo a terzi i dati personali inviati dagli utenti del proprio sito web.<\/p>\n\n<p>Il sito petrinonaxos.gr si riserva il diritto di modificare e arricchire questi termini senza preavviso. I suoi visitatori sono invitati a controllare regolarmente l&#8217;area in questione. <\/p>\n\n<p>L&#8217;utilizzo del sito web Petrino Studios &amp; Gastronomy presuppone e conferma che l&#8217;utente\/visitatore abbia compreso integralmente quanto sopra affermato, nonch\u00e9 che concordi integralmente con tali termini.<\/p>\n","protected":false},"excerpt":{"rendered":"<p>politica sulla riservatezza Il sito web petrinonaxos.gr fornisce i propri servizi ai propri visitatori\/clienti in conformit\u00e0 con le seguenti Condizioni d&#8217;Uso. La lettura di questo testo \u00e8 obbligatoria prima di usufruire dei servizi dell&#8217;azienda. Petrino Studios &amp; Gastronomy dichiara al visitatore di adottare ogni misura prevista affinch\u00e9 i dati e le informazioni contenuti nel proprio [&hellip;]<\/p>\n","protected":false},"author":1,"featured_media":0,"parent":0,"menu_order":0,"comment_status":"close","ping_status":"close","template":"","meta":{"inline_featured_image":false,"_uag_custom_page_level_css":"","footnotes":""},"class_list":["post-8407","page","type-page","status-publish","hentry"],"yoast_head":"<!-- This site is optimized with the Yoast SEO plugin v22.0 - https:\/\/yoast.com\/wordpress\/plugins\/seo\/ -->\n<title>politica sulla riservatezza - Petrino Studios &amp; Gastronomy<\/title>\n<meta name=\"robots\" content=\"index, follow, max-snippet:-1, max-image-preview:large, max-video-preview:-1\" \/>\n<link rel=\"canonical\" href=\"https:\/\/petrinonaxos.gr\/politiki-aporritou\/\" \/>\n<meta property=\"og:locale\" content=\"it_IT\" \/>\n<meta property=\"og:type\" content=\"article\" \/>\n<meta property=\"og:title\" content=\"politica sulla riservatezza - Petrino Studios &amp; Gastronomy\" \/>\n<meta property=\"og:description\" content=\"politica sulla riservatezza Il sito web petrinonaxos.gr fornisce i propri servizi ai propri visitatori\/clienti in conformit\u00e0 con le seguenti Condizioni d&#8217;Uso. La lettura di questo testo \u00e8 obbligatoria prima di usufruire dei servizi dell&#8217;azienda. Petrino Studios &amp; Gastronomy dichiara al visitatore di adottare ogni misura prevista affinch\u00e9 i dati e le informazioni contenuti nel proprio [&hellip;]\" \/>\n<meta property=\"og:url\" content=\"https:\/\/petrinonaxos.gr\/politiki-aporritou\/\" \/>\n<meta property=\"og:site_name\" content=\"Petrino Studios &amp; Gastronomy\" \/>\n<meta property=\"article:modified_time\" content=\"2024-01-09T07:33:16+00:00\" \/>\n<meta name=\"twitter:card\" content=\"summary_large_image\" \/>\n<meta name=\"twitter:label1\" content=\"Tempo di lettura stimato\" \/>\n\t<meta name=\"twitter:data1\" content=\"2 minuti\" \/>\n<script type=\"application\/ld+json\" class=\"yoast-schema-graph\">{\"@context\":\"https:\/\/schema.org\",\"@graph\":[{\"@type\":\"WebPage\",\"@id\":\"https:\/\/petrinonaxos.gr\/politiki-aporritou\/\",\"url\":\"https:\/\/petrinonaxos.gr\/politiki-aporritou\/\",\"name\":\"politica sulla riservatezza - Petrino Studios &amp; Gastronomy\",\"isPartOf\":{\"@id\":\"https:\/\/petrinonaxos.gr\/en\/#website\"},\"datePublished\":\"2024-01-08T11:58:48+00:00\",\"dateModified\":\"2024-01-09T07:33:16+00:00\",\"breadcrumb\":{\"@id\":\"https:\/\/petrinonaxos.gr\/politiki-aporritou\/#breadcrumb\"},\"inLanguage\":\"it-IT\",\"potentialAction\":[{\"@type\":\"ReadAction\",\"target\":[\"https:\/\/petrinonaxos.gr\/politiki-aporritou\/\"]}]},{\"@type\":\"BreadcrumbList\",\"@id\":\"https:\/\/petrinonaxos.gr\/politiki-aporritou\/#breadcrumb\",\"itemListElement\":[{\"@type\":\"ListItem\",\"position\":1,\"name\":\"\u0391\u03c1\u03c7\u03b9\u03ba\u03ae\",\"item\":\"https:\/\/petrinonaxos.gr\/it\/\"},{\"@type\":\"ListItem\",\"position\":2,\"name\":\"politica sulla riservatezza\"}]},{\"@type\":\"WebSite\",\"@id\":\"https:\/\/petrinonaxos.gr\/en\/#website\",\"url\":\"https:\/\/petrinonaxos.gr\/en\/\",\"name\":\"Petrino Studios &amp; Gastronomy\",\"description\":\"\",\"publisher\":{\"@id\":\"https:\/\/petrinonaxos.gr\/en\/#organization\"},\"potentialAction\":[{\"@type\":\"SearchAction\",\"target\":{\"@type\":\"EntryPoint\",\"urlTemplate\":\"https:\/\/petrinonaxos.gr\/en\/?s={search_term_string}\"},\"query-input\":\"required name=search_term_string\"}],\"inLanguage\":\"it-IT\"},{\"@type\":\"Organization\",\"@id\":\"https:\/\/petrinonaxos.gr\/en\/#organization\",\"name\":\"Petrino Studios &amp; Gastronomy\",\"url\":\"https:\/\/petrinonaxos.gr\/en\/\",\"logo\":{\"@type\":\"ImageObject\",\"inLanguage\":\"it-IT\",\"@id\":\"https:\/\/petrinonaxos.gr\/en\/#\/schema\/logo\/image\/\",\"url\":\"https:\/\/petrinonaxos.gr\/wp-content\/uploads\/2023\/07\/cropped-New_logo.png\",\"contentUrl\":\"https:\/\/petrinonaxos.gr\/wp-content\/uploads\/2023\/07\/cropped-New_logo.png\",\"width\":640,\"height\":281,\"caption\":\"Petrino Studios &amp; Gastronomy\"},\"image\":{\"@id\":\"https:\/\/petrinonaxos.gr\/en\/#\/schema\/logo\/image\/\"}}]}<\/script>\n<!-- \/ Yoast SEO plugin. -->","yoast_head_json":{"title":"politica sulla riservatezza - Petrino Studios &amp; Gastronomy","robots":{"index":"index","follow":"follow","max-snippet":"max-snippet:-1","max-image-preview":"max-image-preview:large","max-video-preview":"max-video-preview:-1"},"canonical":"https:\/\/petrinonaxos.gr\/politiki-aporritou\/","og_locale":"it_IT","og_type":"article","og_title":"politica sulla riservatezza - Petrino Studios &amp; Gastronomy","og_description":"politica sulla riservatezza Il sito web petrinonaxos.gr fornisce i propri servizi ai propri visitatori\/clienti in conformit\u00e0 con le seguenti Condizioni d&#8217;Uso. La lettura di questo testo \u00e8 obbligatoria prima di usufruire dei servizi dell&#8217;azienda. Petrino Studios &amp; Gastronomy dichiara al visitatore di adottare ogni misura prevista affinch\u00e9 i dati e le informazioni contenuti nel proprio [&hellip;]","og_url":"https:\/\/petrinonaxos.gr\/politiki-aporritou\/","og_site_name":"Petrino Studios &amp; Gastronomy","article_modified_time":"2024-01-09T07:33:16+00:00","twitter_card":"summary_large_image","twitter_misc":{"Tempo di lettura stimato":"2 minuti"},"schema":{"@context":"https:\/\/schema.org","@graph":[{"@type":"WebPage","@id":"https:\/\/petrinonaxos.gr\/politiki-aporritou\/","url":"https:\/\/petrinonaxos.gr\/politiki-aporritou\/","name":"politica sulla riservatezza - Petrino Studios &amp; Gastronomy","isPartOf":{"@id":"https:\/\/petrinonaxos.gr\/en\/#website"},"datePublished":"2024-01-08T11:58:48+00:00","dateModified":"2024-01-09T07:33:16+00:00","breadcrumb":{"@id":"https:\/\/petrinonaxos.gr\/politiki-aporritou\/#breadcrumb"},"inLanguage":"it-IT","potentialAction":[{"@type":"ReadAction","target":["https:\/\/petrinonaxos.gr\/politiki-aporritou\/"]}]},{"@type":"BreadcrumbList","@id":"https:\/\/petrinonaxos.gr\/politiki-aporritou\/#breadcrumb","itemListElement":[{"@type":"ListItem","position":1,"name":"\u0391\u03c1\u03c7\u03b9\u03ba\u03ae","item":"https:\/\/petrinonaxos.gr\/it\/"},{"@type":"ListItem","position":2,"name":"politica sulla riservatezza"}]},{"@type":"WebSite","@id":"https:\/\/petrinonaxos.gr\/en\/#website","url":"https:\/\/petrinonaxos.gr\/en\/","name":"Petrino Studios &amp; Gastronomy","description":"","publisher":{"@id":"https:\/\/petrinonaxos.gr\/en\/#organization"},"potentialAction":[{"@type":"SearchAction","target":{"@type":"EntryPoint","urlTemplate":"https:\/\/petrinonaxos.gr\/en\/?s={search_term_string}"},"query-input":"required name=search_term_string"}],"inLanguage":"it-IT"},{"@type":"Organization","@id":"https:\/\/petrinonaxos.gr\/en\/#organization","name":"Petrino Studios &amp; Gastronomy","url":"https:\/\/petrinonaxos.gr\/en\/","logo":{"@type":"ImageObject","inLanguage":"it-IT","@id":"https:\/\/petrinonaxos.gr\/en\/#\/schema\/logo\/image\/","url":"https:\/\/petrinonaxos.gr\/wp-content\/uploads\/2023\/07\/cropped-New_logo.png","contentUrl":"https:\/\/petrinonaxos.gr\/wp-content\/uploads\/2023\/07\/cropped-New_logo.png","width":640,"height":281,"caption":"Petrino Studios &amp; Gastronomy"},"image":{"@id":"https:\/\/petrinonaxos.gr\/en\/#\/schema\/logo\/image\/"}}]}},"uagb_featured_image_src":{"full":false,"thumbnail":false,"medium":false,"medium_large":false,"large":false,"1536x1536":false,"2048x2048":false,"post-thumbnail":false,"luviana-x-large":false,"luviana-x-small":false,"luviana-small":false,"luviana-square":false},"uagb_author_info":{"display_name":"SoftTeam","author_link":"https:\/\/petrinonaxos.gr\/it\/author\/softteam\/"},"uagb_comment_info":0,"uagb_excerpt":"politica sulla riservatezza Il sito web petrinonaxos.gr fornisce i propri servizi ai propri visitatori\/clienti in conformit\u00e0 con le seguenti Condizioni d&#8217;Uso. La lettura di questo testo \u00e8 obbligatoria prima di usufruire dei servizi dell&#8217;azienda. Petrino Studios &amp; Gastronomy dichiara al visitatore di adottare ogni misura prevista affinch\u00e9 i dati e le informazioni contenuti nel proprio&hellip;","_links":{"self":[{"href":"https:\/\/petrinonaxos.gr\/it\/wp-json\/wp\/v2\/pages\/8407","targetHints":{"allow":["GET"]}}],"collection":[{"href":"https:\/\/petrinonaxos.gr\/it\/wp-json\/wp\/v2\/pages"}],"about":[{"href":"https:\/\/petrinonaxos.gr\/it\/wp-json\/wp\/v2\/types\/page"}],"author":[{"embeddable":true,"href":"https:\/\/petrinonaxos.gr\/it\/wp-json\/wp\/v2\/users\/1"}],"replies":[{"embeddable":true,"href":"https:\/\/petrinonaxos.gr\/it\/wp-json\/wp\/v2\/comments?post=8407"}],"version-history":[{"count":1,"href":"https:\/\/petrinonaxos.gr\/it\/wp-json\/wp\/v2\/pages\/8407\/revisions"}],"predecessor-version":[{"id":8408,"href":"https:\/\/petrinonaxos.gr\/it\/wp-json\/wp\/v2\/pages\/8407\/revisions\/8408"}],"wp:attachment":[{"href":"https:\/\/petrinonaxos.gr\/it\/wp-json\/wp\/v2\/media?parent=8407"}],"curies":[{"name":"wp","href":"https:\/\/api.w.org\/{rel}","templated":true}]}}