{"id":8391,"date":"2024-01-08T13:58:48","date_gmt":"2024-01-08T11:58:48","guid":{"rendered":"https:\/\/demo.petrinonaxos.gr\/cookie-richtlinie\/"},"modified":"2024-01-09T09:33:24","modified_gmt":"2024-01-09T07:33:24","slug":"cookie-richtlinie","status":"publish","type":"page","link":"https:\/\/petrinonaxos.gr\/de\/cookie-richtlinie\/","title":{"rendered":"Cookie-Richtlinie"},"content":{"rendered":"\n<div style=\"height:40px\" aria-hidden=\"true\" class=\"wp-block-spacer\"><\/div>\n\n<h1 class=\"wp-block-heading\">Cookie-Richtlinie<\/h1>\n<h2>Cookies<\/h2>\n<p>Um das ordnungsgem\u00e4\u00dfe Funktionieren der Website sicherzustellen, platzieren wir manchmal kleine Datendateien auf Ihrem Computer, sogenannte \u201eCookies\u201c. Die meisten gro\u00dfen Websites tun dasselbe.<\/p>\n<h2>Was sind Cookies?<\/h2>\n<p>Cookies sind kleine Textdateien, die eine Website auf Ihrem Computer oder Mobilger\u00e4t speichert, wenn Sie diese Website besuchen. Auf diese Weise speichert die Website<br \/>Ihre Aktionen und Pr\u00e4ferenzen (wie Anmeldecode, Sprache, Schriftgr\u00f6\u00dfe und andere Anzeigepr\u00e4ferenzen) f\u00fcr einen bestimmten Zeitraum, sodass Sie diese Pr\u00e4ferenzen nicht jedes Mal eingeben m\u00fcssen, wenn Sie die Website besuchen oder durchsuchen Seiten.<\/p>\n<h2>Wie verwenden wir Cookies?<\/h2>\n<p>Einige unserer Seiten verwenden Cookies, um Folgendes zu speichern:<\/p>\n<ul>\n<li>Ihre Anzeigepr\u00e4ferenzen, z.B. Helligkeit oder Zeichengr\u00f6\u00dfe<\/li>\n<li>wenn Sie bereits an einer Popup-Umfrage mit der Frage teilgenommen haben, ob der Inhalt hilfreich war oder nicht (damit Ihnen dieselbe Frage nicht noch einmal gestellt wird)<\/li>\n<li>wenn Sie der Verwendung von Cookies auf dieser Website zugestimmt haben.<\/li>\n<\/ul>\n<p>Au\u00dferdem verwenden einige auf unseren Seiten eingebettete Videos ein Cookie, um anonyme Statistiken dar\u00fcber zu sammeln, wie Sie dorthin gelangt sind und welche Videos Sie besucht haben.<\/p>\n<p>Die Aktivierung dieser Cookies ist f\u00fcr den Betrieb der Website nicht erforderlich, bietet Ihnen aber M\u00f6glichkeiten f\u00fcr eine bessere Navigation. Sie k\u00f6nnen diese Cookies l\u00f6schen oder den Zugriff darauf sperren, aber wenn Sie dies tun, funktionieren einige Funktionen der Website m\u00f6glicherweise nicht zufriedenstellend. <\/p>\n<p>Die mit Cookies verkn\u00fcpften Informationen werden nicht dazu verwendet, Sie pers\u00f6nlich zu identifizieren und wir haben die vollst\u00e4ndige Kontrolle \u00fcber die Musterdaten. F\u00fcr andere als die in diesem Text beschriebenen Zwecke werden Cookies nicht verwendet. <\/p>\n<h2>Verwenden wir andere Cookies?<\/h2>\n<p>Einige unserer Websites oder Unterseiten verwenden m\u00f6glicherweise zus\u00e4tzliche oder andere Cookies als die oben genannten. Einzelheiten zu Cookies finden Sie in diesem Fall auf der entsprechenden Informationsseite. M\u00f6glicherweise werden Sie gebeten, der Speicherung dieser Cookies zuzustimmen.  <\/p>\n<h2>So kontrollieren Sie Cookies<\/h2>\n<p>Sie k\u00f6nnen Cookies nach Ihren W\u00fcnschen steuern und\/oder l\u00f6schen. Sie k\u00f6nnen alle Cookies, die sich bereits auf Ihrem Computer befinden, l\u00f6schen und die meisten Browser so einstellen, dass die Installation von Cookies verhindert wird. Allerdings m\u00fcssen Sie in diesem Fall  <br \/>m\u00f6glicherweise bei jedem Besuch einer Website einige Einstellungen selbst anpassen, und einige Dienste funktionieren m\u00f6glicherweise auch nicht.<\/p>\n","protected":false},"excerpt":{"rendered":"<p>Cookie-Richtlinie Cookies Um das ordnungsgem\u00e4\u00dfe Funktionieren der Website sicherzustellen, platzieren wir manchmal kleine Datendateien auf Ihrem Computer, sogenannte \u201eCookies\u201c. Die meisten gro\u00dfen Websites tun dasselbe. Was sind Cookies? Cookies sind kleine Textdateien, die eine Website auf Ihrem Computer oder Mobilger\u00e4t speichert, wenn Sie diese Website besuchen. Auf diese Weise speichert die WebsiteIhre Aktionen und Pr\u00e4ferenzen [&hellip;]<\/p>\n","protected":false},"author":1,"featured_media":0,"parent":0,"menu_order":0,"comment_status":"close","ping_status":"close","template":"","meta":{"inline_featured_image":false,"_uag_custom_page_level_css":"","footnotes":""},"class_list":["post-8391","page","type-page","status-publish","hentry"],"yoast_head":"<!-- This site is optimized with the Yoast SEO plugin v22.0 - https:\/\/yoast.com\/wordpress\/plugins\/seo\/ -->\n<title>Cookie-Richtlinie - Petrino Studios &amp; Gastronomy<\/title>\n<meta name=\"robots\" content=\"index, follow, max-snippet:-1, max-image-preview:large, max-video-preview:-1\" \/>\n<link rel=\"canonical\" href=\"https:\/\/petrinonaxos.gr\/politiki-cookies\/\" \/>\n<meta property=\"og:locale\" content=\"de_DE\" \/>\n<meta property=\"og:type\" content=\"article\" \/>\n<meta property=\"og:title\" content=\"Cookie-Richtlinie - Petrino Studios &amp; Gastronomy\" \/>\n<meta property=\"og:description\" content=\"Cookie-Richtlinie Cookies Um das ordnungsgem\u00e4\u00dfe Funktionieren der Website sicherzustellen, platzieren wir manchmal kleine Datendateien auf Ihrem Computer, sogenannte \u201eCookies\u201c. Die meisten gro\u00dfen Websites tun dasselbe. Was sind Cookies? Cookies sind kleine Textdateien, die eine Website auf Ihrem Computer oder Mobilger\u00e4t speichert, wenn Sie diese Website besuchen. Auf diese Weise speichert die WebsiteIhre Aktionen und Pr\u00e4ferenzen [&hellip;]\" \/>\n<meta property=\"og:url\" content=\"https:\/\/petrinonaxos.gr\/politiki-cookies\/\" \/>\n<meta property=\"og:site_name\" content=\"Petrino Studios &amp; Gastronomy\" \/>\n<meta property=\"article:modified_time\" content=\"2024-01-09T07:33:24+00:00\" \/>\n<meta name=\"twitter:card\" content=\"summary_large_image\" \/>\n<meta name=\"twitter:label1\" content=\"Gesch\u00e4tzte Lesezeit\" \/>\n\t<meta name=\"twitter:data1\" content=\"2\u00a0Minuten\" \/>\n<script type=\"application\/ld+json\" class=\"yoast-schema-graph\">{\"@context\":\"https:\/\/schema.org\",\"@graph\":[{\"@type\":\"WebPage\",\"@id\":\"https:\/\/petrinonaxos.gr\/politiki-cookies\/\",\"url\":\"https:\/\/petrinonaxos.gr\/politiki-cookies\/\",\"name\":\"Cookie-Richtlinie - Petrino Studios &amp; Gastronomy\",\"isPartOf\":{\"@id\":\"https:\/\/petrinonaxos.gr\/en\/#website\"},\"datePublished\":\"2024-01-08T11:58:48+00:00\",\"dateModified\":\"2024-01-09T07:33:24+00:00\",\"breadcrumb\":{\"@id\":\"https:\/\/petrinonaxos.gr\/politiki-cookies\/#breadcrumb\"},\"inLanguage\":\"de\",\"potentialAction\":[{\"@type\":\"ReadAction\",\"target\":[\"https:\/\/petrinonaxos.gr\/politiki-cookies\/\"]}]},{\"@type\":\"BreadcrumbList\",\"@id\":\"https:\/\/petrinonaxos.gr\/politiki-cookies\/#breadcrumb\",\"itemListElement\":[{\"@type\":\"ListItem\",\"position\":1,\"name\":\"\u0391\u03c1\u03c7\u03b9\u03ba\u03ae\",\"item\":\"https:\/\/petrinonaxos.gr\/de\/\"},{\"@type\":\"ListItem\",\"position\":2,\"name\":\"Cookie-Richtlinie\"}]},{\"@type\":\"WebSite\",\"@id\":\"https:\/\/petrinonaxos.gr\/en\/#website\",\"url\":\"https:\/\/petrinonaxos.gr\/en\/\",\"name\":\"Petrino Studios &amp; Gastronomy\",\"description\":\"\",\"publisher\":{\"@id\":\"https:\/\/petrinonaxos.gr\/en\/#organization\"},\"potentialAction\":[{\"@type\":\"SearchAction\",\"target\":{\"@type\":\"EntryPoint\",\"urlTemplate\":\"https:\/\/petrinonaxos.gr\/en\/?s={search_term_string}\"},\"query-input\":\"required name=search_term_string\"}],\"inLanguage\":\"de\"},{\"@type\":\"Organization\",\"@id\":\"https:\/\/petrinonaxos.gr\/en\/#organization\",\"name\":\"Petrino Studios &amp; Gastronomy\",\"url\":\"https:\/\/petrinonaxos.gr\/en\/\",\"logo\":{\"@type\":\"ImageObject\",\"inLanguage\":\"de\",\"@id\":\"https:\/\/petrinonaxos.gr\/en\/#\/schema\/logo\/image\/\",\"url\":\"https:\/\/petrinonaxos.gr\/wp-content\/uploads\/2023\/07\/cropped-New_logo.png\",\"contentUrl\":\"https:\/\/petrinonaxos.gr\/wp-content\/uploads\/2023\/07\/cropped-New_logo.png\",\"width\":640,\"height\":281,\"caption\":\"Petrino Studios &amp; Gastronomy\"},\"image\":{\"@id\":\"https:\/\/petrinonaxos.gr\/en\/#\/schema\/logo\/image\/\"}}]}<\/script>\n<!-- \/ Yoast SEO plugin. -->","yoast_head_json":{"title":"Cookie-Richtlinie - Petrino Studios &amp; Gastronomy","robots":{"index":"index","follow":"follow","max-snippet":"max-snippet:-1","max-image-preview":"max-image-preview:large","max-video-preview":"max-video-preview:-1"},"canonical":"https:\/\/petrinonaxos.gr\/politiki-cookies\/","og_locale":"de_DE","og_type":"article","og_title":"Cookie-Richtlinie - Petrino Studios &amp; Gastronomy","og_description":"Cookie-Richtlinie Cookies Um das ordnungsgem\u00e4\u00dfe Funktionieren der Website sicherzustellen, platzieren wir manchmal kleine Datendateien auf Ihrem Computer, sogenannte \u201eCookies\u201c. Die meisten gro\u00dfen Websites tun dasselbe. Was sind Cookies? Cookies sind kleine Textdateien, die eine Website auf Ihrem Computer oder Mobilger\u00e4t speichert, wenn Sie diese Website besuchen. Auf diese Weise speichert die WebsiteIhre Aktionen und Pr\u00e4ferenzen [&hellip;]","og_url":"https:\/\/petrinonaxos.gr\/politiki-cookies\/","og_site_name":"Petrino Studios &amp; Gastronomy","article_modified_time":"2024-01-09T07:33:24+00:00","twitter_card":"summary_large_image","twitter_misc":{"Gesch\u00e4tzte Lesezeit":"2\u00a0Minuten"},"schema":{"@context":"https:\/\/schema.org","@graph":[{"@type":"WebPage","@id":"https:\/\/petrinonaxos.gr\/politiki-cookies\/","url":"https:\/\/petrinonaxos.gr\/politiki-cookies\/","name":"Cookie-Richtlinie - Petrino Studios &amp; Gastronomy","isPartOf":{"@id":"https:\/\/petrinonaxos.gr\/en\/#website"},"datePublished":"2024-01-08T11:58:48+00:00","dateModified":"2024-01-09T07:33:24+00:00","breadcrumb":{"@id":"https:\/\/petrinonaxos.gr\/politiki-cookies\/#breadcrumb"},"inLanguage":"de","potentialAction":[{"@type":"ReadAction","target":["https:\/\/petrinonaxos.gr\/politiki-cookies\/"]}]},{"@type":"BreadcrumbList","@id":"https:\/\/petrinonaxos.gr\/politiki-cookies\/#breadcrumb","itemListElement":[{"@type":"ListItem","position":1,"name":"\u0391\u03c1\u03c7\u03b9\u03ba\u03ae","item":"https:\/\/petrinonaxos.gr\/de\/"},{"@type":"ListItem","position":2,"name":"Cookie-Richtlinie"}]},{"@type":"WebSite","@id":"https:\/\/petrinonaxos.gr\/en\/#website","url":"https:\/\/petrinonaxos.gr\/en\/","name":"Petrino Studios &amp; Gastronomy","description":"","publisher":{"@id":"https:\/\/petrinonaxos.gr\/en\/#organization"},"potentialAction":[{"@type":"SearchAction","target":{"@type":"EntryPoint","urlTemplate":"https:\/\/petrinonaxos.gr\/en\/?s={search_term_string}"},"query-input":"required name=search_term_string"}],"inLanguage":"de"},{"@type":"Organization","@id":"https:\/\/petrinonaxos.gr\/en\/#organization","name":"Petrino Studios &amp; Gastronomy","url":"https:\/\/petrinonaxos.gr\/en\/","logo":{"@type":"ImageObject","inLanguage":"de","@id":"https:\/\/petrinonaxos.gr\/en\/#\/schema\/logo\/image\/","url":"https:\/\/petrinonaxos.gr\/wp-content\/uploads\/2023\/07\/cropped-New_logo.png","contentUrl":"https:\/\/petrinonaxos.gr\/wp-content\/uploads\/2023\/07\/cropped-New_logo.png","width":640,"height":281,"caption":"Petrino Studios &amp; Gastronomy"},"image":{"@id":"https:\/\/petrinonaxos.gr\/en\/#\/schema\/logo\/image\/"}}]}},"uagb_featured_image_src":{"full":false,"thumbnail":false,"medium":false,"medium_large":false,"large":false,"1536x1536":false,"2048x2048":false,"post-thumbnail":false,"luviana-x-large":false,"luviana-x-small":false,"luviana-small":false,"luviana-square":false},"uagb_author_info":{"display_name":"SoftTeam","author_link":"https:\/\/petrinonaxos.gr\/de\/author\/softteam\/"},"uagb_comment_info":0,"uagb_excerpt":"Cookie-Richtlinie Cookies Um das ordnungsgem\u00e4\u00dfe Funktionieren der Website sicherzustellen, platzieren wir manchmal kleine Datendateien auf Ihrem Computer, sogenannte \u201eCookies\u201c. Die meisten gro\u00dfen Websites tun dasselbe. Was sind Cookies? Cookies sind kleine Textdateien, die eine Website auf Ihrem Computer oder Mobilger\u00e4t speichert, wenn Sie diese Website besuchen. Auf diese Weise speichert die WebsiteIhre Aktionen und Pr\u00e4ferenzen&hellip;","_links":{"self":[{"href":"https:\/\/petrinonaxos.gr\/de\/wp-json\/wp\/v2\/pages\/8391","targetHints":{"allow":["GET"]}}],"collection":[{"href":"https:\/\/petrinonaxos.gr\/de\/wp-json\/wp\/v2\/pages"}],"about":[{"href":"https:\/\/petrinonaxos.gr\/de\/wp-json\/wp\/v2\/types\/page"}],"author":[{"embeddable":true,"href":"https:\/\/petrinonaxos.gr\/de\/wp-json\/wp\/v2\/users\/1"}],"replies":[{"embeddable":true,"href":"https:\/\/petrinonaxos.gr\/de\/wp-json\/wp\/v2\/comments?post=8391"}],"version-history":[{"count":1,"href":"https:\/\/petrinonaxos.gr\/de\/wp-json\/wp\/v2\/pages\/8391\/revisions"}],"predecessor-version":[{"id":8392,"href":"https:\/\/petrinonaxos.gr\/de\/wp-json\/wp\/v2\/pages\/8391\/revisions\/8392"}],"wp:attachment":[{"href":"https:\/\/petrinonaxos.gr\/de\/wp-json\/wp\/v2\/media?parent=8391"}],"curies":[{"name":"wp","href":"https:\/\/api.w.org\/{rel}","templated":true}]}}