{"id":8105,"date":"2023-12-07T12:34:15","date_gmt":"2023-12-07T10:34:15","guid":{"rendered":"https:\/\/demo.petrinonaxos.gr\/policy-reservation-cancellation\/"},"modified":"2024-01-08T13:55:34","modified_gmt":"2024-01-08T11:55:34","slug":"policy-reservation-cancellation","status":"publish","type":"page","link":"https:\/\/petrinonaxos.gr\/de\/policy-reservation-cancellation\/","title":{"rendered":"Garantiebestimmungen\/ Stornierungsbedingungen"},"content":{"rendered":"\n<div class=\"wp-block-getwid-advanced-heading is-style-default\" style=\"margin-top:40px\"><h1 class=\"wp-block-getwid-advanced-heading__content\">Garantiebestimmungen\/ Stornierungsbedingungen<\/h1><\/div>\n\n<p><strong><span style=\"text-decoration: underline;\">Garantiebestimmungen<\/span><\/strong><br\/>Alle Buchungen sind durch eine 35%ige Anzahlung zum Zeitpunkt der Reservierung zu best\u00e4tigen. Der Restbetrag wird beim Check-out beglichen. <\/p>\n\n<p><strong><span style=\"text-decoration: underline;\">Stornierungsbedingungen<\/span><\/strong><br\/>Flexible Rate:<br\/>Kostenlose Stornierung\/\u00c4nderung bis 22 Tage vor der geplanten Ankunft.<br\/>Bei Stornierung oder \u00c4nderung innerhalb von 21 Tagen vor der Ankunft, bei Nichterscheinen oder au\u00dferplanm\u00e4\u00dfiger Abreise werden 100% des Gesamtpreises in Rechnung gestellt.<\/p>\n\n<p><strong><span style=\"text-decoration: underline;\">Zus\u00e4tzliche Bestimmungen<\/span><\/strong><br\/>Bei der Buchung von 2 oder mehr Zimmern k\u00f6nnen andere Zahlungs- und Stornierungsbedingungen gelten. Bitte kontaktieren Sie uns f\u00fcr weitere Informationen. <\/p>\n\n<div style=\"height:40px\" aria-hidden=\"true\" class=\"wp-block-spacer\"><\/div>\n","protected":false},"excerpt":{"rendered":"<p>GarantiebestimmungenAlle Buchungen sind durch eine 35%ige Anzahlung zum Zeitpunkt der Reservierung zu best\u00e4tigen. Der Restbetrag wird beim Check-out beglichen. StornierungsbedingungenFlexible Rate:Kostenlose Stornierung\/\u00c4nderung bis 22 Tage vor der geplanten Ankunft.Bei Stornierung oder \u00c4nderung innerhalb von 21 Tagen vor der Ankunft, bei Nichterscheinen oder au\u00dferplanm\u00e4\u00dfiger Abreise werden 100% des Gesamtpreises in Rechnung gestellt. Zus\u00e4tzliche BestimmungenBei der Buchung [&hellip;]<\/p>\n","protected":false},"author":1,"featured_media":0,"parent":0,"menu_order":0,"comment_status":"closed","ping_status":"closed","template":"","meta":{"inline_featured_image":false,"_uag_custom_page_level_css":"","footnotes":""},"class_list":["post-8105","page","type-page","status-publish","hentry"],"yoast_head":"<!-- This site is optimized with the Yoast SEO plugin v22.0 - https:\/\/yoast.com\/wordpress\/plugins\/seo\/ -->\n<title>Garantiebestimmungen\/ Stornierungsbedingungen - Petrino Studios &amp; Gastronomy<\/title>\n<meta name=\"robots\" content=\"index, follow, max-snippet:-1, max-image-preview:large, max-video-preview:-1\" \/>\n<link rel=\"canonical\" href=\"https:\/\/petrinonaxos.gr\/\u03c0\u03bf\u03bb\u03b9\u03c4\u03b9\u03ba\u03ae-\u03ba\u03c1\u03ac\u03c4\u03b7\u03c3\u03b7\u03c2-\u03b1\u03ba\u03cd\u03c1\u03c9\u03c3\u03b7\u03c2\/\" \/>\n<meta property=\"og:locale\" content=\"de_DE\" \/>\n<meta property=\"og:type\" content=\"article\" \/>\n<meta property=\"og:title\" content=\"Garantiebestimmungen\/ Stornierungsbedingungen - Petrino Studios &amp; Gastronomy\" \/>\n<meta property=\"og:description\" content=\"GarantiebestimmungenAlle Buchungen sind durch eine 35%ige Anzahlung zum Zeitpunkt der Reservierung zu best\u00e4tigen. Der Restbetrag wird beim Check-out beglichen. StornierungsbedingungenFlexible Rate:Kostenlose Stornierung\/\u00c4nderung bis 22 Tage vor der geplanten Ankunft.Bei Stornierung oder \u00c4nderung innerhalb von 21 Tagen vor der Ankunft, bei Nichterscheinen oder au\u00dferplanm\u00e4\u00dfiger Abreise werden 100% des Gesamtpreises in Rechnung gestellt. Zus\u00e4tzliche BestimmungenBei der Buchung [&hellip;]\" \/>\n<meta property=\"og:url\" content=\"https:\/\/petrinonaxos.gr\/\u03c0\u03bf\u03bb\u03b9\u03c4\u03b9\u03ba\u03ae-\u03ba\u03c1\u03ac\u03c4\u03b7\u03c3\u03b7\u03c2-\u03b1\u03ba\u03cd\u03c1\u03c9\u03c3\u03b7\u03c2\/\" \/>\n<meta property=\"og:site_name\" content=\"Petrino Studios &amp; Gastronomy\" \/>\n<meta property=\"article:modified_time\" content=\"2024-01-08T11:55:34+00:00\" \/>\n<meta name=\"twitter:card\" content=\"summary_large_image\" \/>\n<script type=\"application\/ld+json\" class=\"yoast-schema-graph\">{\"@context\":\"https:\/\/schema.org\",\"@graph\":[{\"@type\":\"WebPage\",\"@id\":\"https:\/\/petrinonaxos.gr\/%cf%80%ce%bf%ce%bb%ce%b9%cf%84%ce%b9%ce%ba%ce%ae-%ce%ba%cf%81%ce%ac%cf%84%ce%b7%cf%83%ce%b7%cf%82-%ce%b1%ce%ba%cf%8d%cf%81%cf%89%cf%83%ce%b7%cf%82\/\",\"url\":\"https:\/\/petrinonaxos.gr\/%cf%80%ce%bf%ce%bb%ce%b9%cf%84%ce%b9%ce%ba%ce%ae-%ce%ba%cf%81%ce%ac%cf%84%ce%b7%cf%83%ce%b7%cf%82-%ce%b1%ce%ba%cf%8d%cf%81%cf%89%cf%83%ce%b7%cf%82\/\",\"name\":\"Garantiebestimmungen\/ Stornierungsbedingungen - Petrino Studios &amp; Gastronomy\",\"isPartOf\":{\"@id\":\"https:\/\/petrinonaxos.gr\/en\/#website\"},\"datePublished\":\"2023-12-07T10:34:15+00:00\",\"dateModified\":\"2024-01-08T11:55:34+00:00\",\"breadcrumb\":{\"@id\":\"https:\/\/petrinonaxos.gr\/%cf%80%ce%bf%ce%bb%ce%b9%cf%84%ce%b9%ce%ba%ce%ae-%ce%ba%cf%81%ce%ac%cf%84%ce%b7%cf%83%ce%b7%cf%82-%ce%b1%ce%ba%cf%8d%cf%81%cf%89%cf%83%ce%b7%cf%82\/#breadcrumb\"},\"inLanguage\":\"de\",\"potentialAction\":[{\"@type\":\"ReadAction\",\"target\":[\"https:\/\/petrinonaxos.gr\/%cf%80%ce%bf%ce%bb%ce%b9%cf%84%ce%b9%ce%ba%ce%ae-%ce%ba%cf%81%ce%ac%cf%84%ce%b7%cf%83%ce%b7%cf%82-%ce%b1%ce%ba%cf%8d%cf%81%cf%89%cf%83%ce%b7%cf%82\/\"]}]},{\"@type\":\"BreadcrumbList\",\"@id\":\"https:\/\/petrinonaxos.gr\/%cf%80%ce%bf%ce%bb%ce%b9%cf%84%ce%b9%ce%ba%ce%ae-%ce%ba%cf%81%ce%ac%cf%84%ce%b7%cf%83%ce%b7%cf%82-%ce%b1%ce%ba%cf%8d%cf%81%cf%89%cf%83%ce%b7%cf%82\/#breadcrumb\",\"itemListElement\":[{\"@type\":\"ListItem\",\"position\":1,\"name\":\"\u0391\u03c1\u03c7\u03b9\u03ba\u03ae\",\"item\":\"https:\/\/petrinonaxos.gr\/de\/\"},{\"@type\":\"ListItem\",\"position\":2,\"name\":\"Garantiebestimmungen\/ Stornierungsbedingungen\"}]},{\"@type\":\"WebSite\",\"@id\":\"https:\/\/petrinonaxos.gr\/en\/#website\",\"url\":\"https:\/\/petrinonaxos.gr\/en\/\",\"name\":\"Petrino Studios &amp; Gastronomy\",\"description\":\"\",\"publisher\":{\"@id\":\"https:\/\/petrinonaxos.gr\/en\/#organization\"},\"potentialAction\":[{\"@type\":\"SearchAction\",\"target\":{\"@type\":\"EntryPoint\",\"urlTemplate\":\"https:\/\/petrinonaxos.gr\/en\/?s={search_term_string}\"},\"query-input\":\"required name=search_term_string\"}],\"inLanguage\":\"de\"},{\"@type\":\"Organization\",\"@id\":\"https:\/\/petrinonaxos.gr\/en\/#organization\",\"name\":\"Petrino Studios &amp; Gastronomy\",\"url\":\"https:\/\/petrinonaxos.gr\/en\/\",\"logo\":{\"@type\":\"ImageObject\",\"inLanguage\":\"de\",\"@id\":\"https:\/\/petrinonaxos.gr\/en\/#\/schema\/logo\/image\/\",\"url\":\"https:\/\/petrinonaxos.gr\/wp-content\/uploads\/2023\/07\/cropped-New_logo.png\",\"contentUrl\":\"https:\/\/petrinonaxos.gr\/wp-content\/uploads\/2023\/07\/cropped-New_logo.png\",\"width\":640,\"height\":281,\"caption\":\"Petrino Studios &amp; Gastronomy\"},\"image\":{\"@id\":\"https:\/\/petrinonaxos.gr\/en\/#\/schema\/logo\/image\/\"}}]}<\/script>\n<!-- \/ Yoast SEO plugin. -->","yoast_head_json":{"title":"Garantiebestimmungen\/ Stornierungsbedingungen - Petrino Studios &amp; Gastronomy","robots":{"index":"index","follow":"follow","max-snippet":"max-snippet:-1","max-image-preview":"max-image-preview:large","max-video-preview":"max-video-preview:-1"},"canonical":"https:\/\/petrinonaxos.gr\/\u03c0\u03bf\u03bb\u03b9\u03c4\u03b9\u03ba\u03ae-\u03ba\u03c1\u03ac\u03c4\u03b7\u03c3\u03b7\u03c2-\u03b1\u03ba\u03cd\u03c1\u03c9\u03c3\u03b7\u03c2\/","og_locale":"de_DE","og_type":"article","og_title":"Garantiebestimmungen\/ Stornierungsbedingungen - Petrino Studios &amp; Gastronomy","og_description":"GarantiebestimmungenAlle Buchungen sind durch eine 35%ige Anzahlung zum Zeitpunkt der Reservierung zu best\u00e4tigen. Der Restbetrag wird beim Check-out beglichen. StornierungsbedingungenFlexible Rate:Kostenlose Stornierung\/\u00c4nderung bis 22 Tage vor der geplanten Ankunft.Bei Stornierung oder \u00c4nderung innerhalb von 21 Tagen vor der Ankunft, bei Nichterscheinen oder au\u00dferplanm\u00e4\u00dfiger Abreise werden 100% des Gesamtpreises in Rechnung gestellt. Zus\u00e4tzliche BestimmungenBei der Buchung [&hellip;]","og_url":"https:\/\/petrinonaxos.gr\/\u03c0\u03bf\u03bb\u03b9\u03c4\u03b9\u03ba\u03ae-\u03ba\u03c1\u03ac\u03c4\u03b7\u03c3\u03b7\u03c2-\u03b1\u03ba\u03cd\u03c1\u03c9\u03c3\u03b7\u03c2\/","og_site_name":"Petrino Studios &amp; Gastronomy","article_modified_time":"2024-01-08T11:55:34+00:00","twitter_card":"summary_large_image","schema":{"@context":"https:\/\/schema.org","@graph":[{"@type":"WebPage","@id":"https:\/\/petrinonaxos.gr\/%cf%80%ce%bf%ce%bb%ce%b9%cf%84%ce%b9%ce%ba%ce%ae-%ce%ba%cf%81%ce%ac%cf%84%ce%b7%cf%83%ce%b7%cf%82-%ce%b1%ce%ba%cf%8d%cf%81%cf%89%cf%83%ce%b7%cf%82\/","url":"https:\/\/petrinonaxos.gr\/%cf%80%ce%bf%ce%bb%ce%b9%cf%84%ce%b9%ce%ba%ce%ae-%ce%ba%cf%81%ce%ac%cf%84%ce%b7%cf%83%ce%b7%cf%82-%ce%b1%ce%ba%cf%8d%cf%81%cf%89%cf%83%ce%b7%cf%82\/","name":"Garantiebestimmungen\/ Stornierungsbedingungen - Petrino Studios &amp; Gastronomy","isPartOf":{"@id":"https:\/\/petrinonaxos.gr\/en\/#website"},"datePublished":"2023-12-07T10:34:15+00:00","dateModified":"2024-01-08T11:55:34+00:00","breadcrumb":{"@id":"https:\/\/petrinonaxos.gr\/%cf%80%ce%bf%ce%bb%ce%b9%cf%84%ce%b9%ce%ba%ce%ae-%ce%ba%cf%81%ce%ac%cf%84%ce%b7%cf%83%ce%b7%cf%82-%ce%b1%ce%ba%cf%8d%cf%81%cf%89%cf%83%ce%b7%cf%82\/#breadcrumb"},"inLanguage":"de","potentialAction":[{"@type":"ReadAction","target":["https:\/\/petrinonaxos.gr\/%cf%80%ce%bf%ce%bb%ce%b9%cf%84%ce%b9%ce%ba%ce%ae-%ce%ba%cf%81%ce%ac%cf%84%ce%b7%cf%83%ce%b7%cf%82-%ce%b1%ce%ba%cf%8d%cf%81%cf%89%cf%83%ce%b7%cf%82\/"]}]},{"@type":"BreadcrumbList","@id":"https:\/\/petrinonaxos.gr\/%cf%80%ce%bf%ce%bb%ce%b9%cf%84%ce%b9%ce%ba%ce%ae-%ce%ba%cf%81%ce%ac%cf%84%ce%b7%cf%83%ce%b7%cf%82-%ce%b1%ce%ba%cf%8d%cf%81%cf%89%cf%83%ce%b7%cf%82\/#breadcrumb","itemListElement":[{"@type":"ListItem","position":1,"name":"\u0391\u03c1\u03c7\u03b9\u03ba\u03ae","item":"https:\/\/petrinonaxos.gr\/de\/"},{"@type":"ListItem","position":2,"name":"Garantiebestimmungen\/ Stornierungsbedingungen"}]},{"@type":"WebSite","@id":"https:\/\/petrinonaxos.gr\/en\/#website","url":"https:\/\/petrinonaxos.gr\/en\/","name":"Petrino Studios &amp; Gastronomy","description":"","publisher":{"@id":"https:\/\/petrinonaxos.gr\/en\/#organization"},"potentialAction":[{"@type":"SearchAction","target":{"@type":"EntryPoint","urlTemplate":"https:\/\/petrinonaxos.gr\/en\/?s={search_term_string}"},"query-input":"required name=search_term_string"}],"inLanguage":"de"},{"@type":"Organization","@id":"https:\/\/petrinonaxos.gr\/en\/#organization","name":"Petrino Studios &amp; Gastronomy","url":"https:\/\/petrinonaxos.gr\/en\/","logo":{"@type":"ImageObject","inLanguage":"de","@id":"https:\/\/petrinonaxos.gr\/en\/#\/schema\/logo\/image\/","url":"https:\/\/petrinonaxos.gr\/wp-content\/uploads\/2023\/07\/cropped-New_logo.png","contentUrl":"https:\/\/petrinonaxos.gr\/wp-content\/uploads\/2023\/07\/cropped-New_logo.png","width":640,"height":281,"caption":"Petrino Studios &amp; Gastronomy"},"image":{"@id":"https:\/\/petrinonaxos.gr\/en\/#\/schema\/logo\/image\/"}}]}},"uagb_featured_image_src":{"full":false,"thumbnail":false,"medium":false,"medium_large":false,"large":false,"1536x1536":false,"2048x2048":false,"post-thumbnail":false,"luviana-x-large":false,"luviana-x-small":false,"luviana-small":false,"luviana-square":false},"uagb_author_info":{"display_name":"SoftTeam","author_link":"https:\/\/petrinonaxos.gr\/de\/author\/softteam\/"},"uagb_comment_info":0,"uagb_excerpt":"GarantiebestimmungenAlle Buchungen sind durch eine 35%ige Anzahlung zum Zeitpunkt der Reservierung zu best\u00e4tigen. Der Restbetrag wird beim Check-out beglichen. StornierungsbedingungenFlexible Rate:Kostenlose Stornierung\/\u00c4nderung bis 22 Tage vor der geplanten Ankunft.Bei Stornierung oder \u00c4nderung innerhalb von 21 Tagen vor der Ankunft, bei Nichterscheinen oder au\u00dferplanm\u00e4\u00dfiger Abreise werden 100% des Gesamtpreises in Rechnung gestellt. Zus\u00e4tzliche BestimmungenBei der Buchung&hellip;","_links":{"self":[{"href":"https:\/\/petrinonaxos.gr\/de\/wp-json\/wp\/v2\/pages\/8105","targetHints":{"allow":["GET"]}}],"collection":[{"href":"https:\/\/petrinonaxos.gr\/de\/wp-json\/wp\/v2\/pages"}],"about":[{"href":"https:\/\/petrinonaxos.gr\/de\/wp-json\/wp\/v2\/types\/page"}],"author":[{"embeddable":true,"href":"https:\/\/petrinonaxos.gr\/de\/wp-json\/wp\/v2\/users\/1"}],"replies":[{"embeddable":true,"href":"https:\/\/petrinonaxos.gr\/de\/wp-json\/wp\/v2\/comments?post=8105"}],"version-history":[{"count":5,"href":"https:\/\/petrinonaxos.gr\/de\/wp-json\/wp\/v2\/pages\/8105\/revisions"}],"predecessor-version":[{"id":8253,"href":"https:\/\/petrinonaxos.gr\/de\/wp-json\/wp\/v2\/pages\/8105\/revisions\/8253"}],"wp:attachment":[{"href":"https:\/\/petrinonaxos.gr\/de\/wp-json\/wp\/v2\/media?parent=8105"}],"curies":[{"name":"wp","href":"https:\/\/api.w.org\/{rel}","templated":true}]}}